{"id":4210,"date":"2022-08-04T06:48:38","date_gmt":"2022-08-04T06:48:38","guid":{"rendered":"https:\/\/egyfuntour.com\/?post_type=product&#038;p=4210"},"modified":"2025-05-29T15:20:35","modified_gmt":"2025-05-29T15:20:35","slug":"quad-bike-desert-safari-in-hurghada","status":"publish","type":"product","link":"https:\/\/egyfuntour.com\/es\/producto\/quad-bike-desert-safari-in-hurghada\/","title":{"rendered":"Safari en quad por el desierto en Hurghada"},"content":{"rendered":"<h2>Descripci\u00f3n general<\/h2>\n<p>Navega con estilo y comodidad por el legendario r\u00edo y \u00fanete a nosotros en un encantador crucero de 4 d\u00edas por el Nilo, desde Asu\u00e1n hasta Luxor, donde los sue\u00f1os del antiguo Egipto se hacen realidad. Experimenta una relajaci\u00f3n opulenta en un crucero de lujo donde el servicio personalizado se combina con vistas impresionantes mientras descubres templos y monumentos antiguos. Navega por aguas legendarias, explora templos m\u00edsticos y emprende un viaje que te transportar\u00e1 al pasado.<\/p>\n<div id=\"elementor-tab-title-1951\" class=\"elementor-tab-title elementor-active\" tabindex=\"0\" role=\"tab\" data-tab=\"1\" aria-controls=\"elementor-tab-content-1951\" aria-expanded=\"true\" aria-selected=\"true\">\n<h3 class=\"ova-toggle-title\"><strong>informaci\u00f3n adicional<\/strong><\/h3>\n<\/div>\n<div id=\"elementor-tab-content-1951\" class=\"elementor-tab-content elementor-clearfix elementor-active\" role=\"tabpanel\" data-tab=\"1\" aria-labelledby=\"elementor-tab-title-1951\">\n<ul>\n<li>Recibir\u00e1 la confirmaci\u00f3n final por correo electr\u00f3nico una vez realizada su reserva. Est\u00e9 atento a su bandeja de entrada para recibir los detalles de la confirmaci\u00f3n.<\/li>\n<li>No se debitar\u00e1 ning\u00fan pago de su cuenta hasta que reciba el correo electr\u00f3nico de confirmaci\u00f3n. Valoramos su satisfacci\u00f3n y solo procederemos a cargar su cuenta una vez que la confirmaci\u00f3n se haya enviado correctamente.<\/li>\n<li>Tenga en cuenta que solo se debitar\u00e1 en l\u00ednea el 30% del importe total como dep\u00f3sito. El saldo restante se pagar\u00e1 en efectivo a su llegada a Egipto, ya sea en d\u00f3lares o euros.<\/li>\n<li>The duration of each daily tour is approximately 8 hours, while the half-day tour typically lasts around 4 hours. Please be advised that if the tour exceeds these time ranges, additional charges may apply.<\/li>\n<li>Tras recibir el correo electr\u00f3nico de confirmaci\u00f3n, uno de nuestros representantes se pondr\u00e1 en contacto con usted lo antes posible para confirmar el punto y la hora de salida. Entendemos la importancia de contar con informaci\u00f3n precisa y garantizar una experiencia sin contratiempos.<\/li>\n<li>Las propinas no est\u00e1n incluidas en ninguno de nuestros paquetes y quedan a discreci\u00f3n del viajero. Si bien no son obligatorias, son de suma importancia para quienes lo atender\u00e1n durante el viaje.<\/li>\n<li>Para tours privados, podr\u00edan aplicarse cargos. Para m\u00e1s informaci\u00f3n, cont\u00e1ctenos. Con gusto le brindaremos toda la informaci\u00f3n necesaria y le ayudaremos a personalizar su tour privado seg\u00fan sus preferencias.<\/li>\n<li>Para cualquier otra ayuda o consulta antes o despu\u00e9s de la reserva, no dude en ponerse en contacto con nosotros a trav\u00e9s de\u00a0<a href=\"https:\/\/wa.me\/+201032575555\" target=\"_blank\" rel=\"noopener\">WhatsApp<\/a>\u00a0o\u00a0<a href=\"mailto:info@egyfuntour.com\">correo electr\u00f3nico<\/a>.<\/li>\n<\/ul>\n<\/div>","protected":false},"excerpt":{"rendered":"<p>Overview Cruise in style and comfort along the legendary river and join us on a 4-day enchanting Nile cruise from Aswan to Luxor, where dreams of ancient Egypt come true. Experience opulent relaxation on a luxurious cruise where personalized service meets breathtaking views as you discover ancient temples and monuments. Sail the storied waters, explore [&hellip;]<\/p>","protected":false},"featured_media":9463,"comment_status":"open","ping_status":"closed","template":"","meta":[],"product_brand":[],"product_cat":[32],"product_tag":[],"class_list":{"0":"post-4210","1":"product","2":"type-product","3":"status-publish","4":"has-post-thumbnail","6":"brw_tour_types-beaches","7":"product_cat-full-day","9":"first","10":"instock","11":"shipping-taxable","12":"purchasable","13":"product-type-ovabrw_car_rental"},"_links":{"self":[{"href":"https:\/\/egyfuntour.com\/es\/wp-json\/wp\/v2\/product\/4210","targetHints":{"allow":["GET"]}}],"collection":[{"href":"https:\/\/egyfuntour.com\/es\/wp-json\/wp\/v2\/product"}],"about":[{"href":"https:\/\/egyfuntour.com\/es\/wp-json\/wp\/v2\/types\/product"}],"replies":[{"embeddable":true,"href":"https:\/\/egyfuntour.com\/es\/wp-json\/wp\/v2\/comments?post=4210"}],"wp:featuredmedia":[{"embeddable":true,"href":"https:\/\/egyfuntour.com\/es\/wp-json\/wp\/v2\/media\/9463"}],"wp:attachment":[{"href":"https:\/\/egyfuntour.com\/es\/wp-json\/wp\/v2\/media?parent=4210"}],"wp:term":[{"taxonomy":"product_brand","embeddable":true,"href":"https:\/\/egyfuntour.com\/es\/wp-json\/wp\/v2\/product_brand?post=4210"},{"taxonomy":"product_cat","embeddable":true,"href":"https:\/\/egyfuntour.com\/es\/wp-json\/wp\/v2\/product_cat?post=4210"},{"taxonomy":"product_tag","embeddable":true,"href":"https:\/\/egyfuntour.com\/es\/wp-json\/wp\/v2\/product_tag?post=4210"}],"curies":[{"name":"wp","href":"https:\/\/api.w.org\/{rel}","templated":true}]}}