{"id":4388,"date":"2022-08-09T03:56:32","date_gmt":"2022-08-09T03:56:32","guid":{"rendered":"https:\/\/egyfuntour.com\/?post_type=product&#038;p=4388"},"modified":"2025-05-29T15:18:18","modified_gmt":"2025-05-29T15:18:18","slug":"hot-air-balloon-tour-in-luxor","status":"publish","type":"product","link":"https:\/\/egyfuntour.com\/es\/producto\/hot-air-balloon-tour-in-luxor\/","title":{"rendered":"Paseo en globo aerost\u00e1tico en Luxor"},"content":{"rendered":"<h2>Descripci\u00f3n general<\/h2>\n<p>\u00bfListo para llevar tu experiencia en Luxor a otro nivel? Admira las majestuosas maravillas de la antigua capital de Egipto en un globo aerost\u00e1tico mientras sobrevuelas suavemente el Valle de los Reyes y sus ic\u00f3nicos templos. Prep\u00e1rate para maravillarte con el fascinante amanecer que ti\u00f1e el horizonte de tonos dorados.<\/p>\n<div id=\"elementor-tab-title-1951\" class=\"elementor-tab-title elementor-active\" tabindex=\"0\" role=\"tab\" data-tab=\"1\" aria-controls=\"elementor-tab-content-1951\" aria-expanded=\"true\" aria-selected=\"true\">\n<h3 class=\"ova-toggle-title\"><strong>informaci\u00f3n adicional<\/strong><\/h3>\n<\/div>\n<div id=\"elementor-tab-content-1951\" class=\"elementor-tab-content elementor-clearfix elementor-active\" role=\"tabpanel\" data-tab=\"1\" aria-labelledby=\"elementor-tab-title-1951\">\n<ul>\n<li>Recibir\u00e1 la confirmaci\u00f3n final por correo electr\u00f3nico una vez realizada su reserva. Est\u00e9 atento a su bandeja de entrada para recibir los detalles de la confirmaci\u00f3n.<\/li>\n<li>No se debitar\u00e1 ning\u00fan pago de su cuenta hasta que reciba el correo electr\u00f3nico de confirmaci\u00f3n. Valoramos su satisfacci\u00f3n y solo procederemos a cargar su cuenta una vez que la confirmaci\u00f3n se haya enviado correctamente.<\/li>\n<li>Tenga en cuenta que solo se debitar\u00e1 en l\u00ednea el 30% del importe total como dep\u00f3sito. El saldo restante se pagar\u00e1 en efectivo a su llegada a Egipto, ya sea en d\u00f3lares o euros.<\/li>\n<li>The duration of each daily tour is approximately 8 hours, while the half-day tour typically lasts around 4 hours. Please be advised that if the tour exceeds these time ranges, additional charges may apply.<\/li>\n<li>Tras recibir el correo electr\u00f3nico de confirmaci\u00f3n, uno de nuestros representantes se pondr\u00e1 en contacto con usted lo antes posible para confirmar el punto y la hora de salida. Entendemos la importancia de contar con informaci\u00f3n precisa y garantizar una experiencia sin contratiempos.<\/li>\n<li>Las propinas no est\u00e1n incluidas en ninguno de nuestros paquetes y quedan a discreci\u00f3n del viajero. Si bien no son obligatorias, son de suma importancia para quienes lo atender\u00e1n durante el viaje.<\/li>\n<li>Para tours privados, podr\u00edan aplicarse cargos. Para m\u00e1s informaci\u00f3n, cont\u00e1ctenos. Con gusto le brindaremos toda la informaci\u00f3n necesaria y le ayudaremos a personalizar su tour privado seg\u00fan sus preferencias.<\/li>\n<li>Para cualquier otra ayuda o consulta antes o despu\u00e9s de la reserva, no dude en ponerse en contacto con nosotros a trav\u00e9s de\u00a0<a href=\"https:\/\/wa.me\/+201032575555\" target=\"_blank\" rel=\"noopener\">WhatsApp<\/a>\u00a0o\u00a0<a href=\"mailto:info@egyfuntour.com\">correo electr\u00f3nico<\/a>.<\/li>\n<\/ul>\n<\/div>","protected":false},"excerpt":{"rendered":"<p>Overview Ready to elevate your Luxor experience to new heights? Witness the majestic wonders of Egypt\u2019s ancient capital with the hot air balloon as you float gently over the Valley of the Kings and iconic temples. Prepare to be amazed by the mesmerizing sunrise that paints the horizon in hues of gold. Additional Information You [&hellip;]<\/p>","protected":false},"featured_media":9435,"comment_status":"open","ping_status":"closed","template":"","meta":[],"product_brand":[],"product_cat":[28],"product_tag":[],"class_list":{"0":"post-4388","1":"product","2":"type-product","3":"status-publish","4":"has-post-thumbnail","6":"brw_tour_types-culture","7":"brw_tour_types-family","8":"product_cat-half-day","10":"first","11":"instock","12":"shipping-taxable","13":"purchasable","14":"product-type-ovabrw_car_rental"},"_links":{"self":[{"href":"https:\/\/egyfuntour.com\/es\/wp-json\/wp\/v2\/product\/4388","targetHints":{"allow":["GET"]}}],"collection":[{"href":"https:\/\/egyfuntour.com\/es\/wp-json\/wp\/v2\/product"}],"about":[{"href":"https:\/\/egyfuntour.com\/es\/wp-json\/wp\/v2\/types\/product"}],"replies":[{"embeddable":true,"href":"https:\/\/egyfuntour.com\/es\/wp-json\/wp\/v2\/comments?post=4388"}],"wp:featuredmedia":[{"embeddable":true,"href":"https:\/\/egyfuntour.com\/es\/wp-json\/wp\/v2\/media\/9435"}],"wp:attachment":[{"href":"https:\/\/egyfuntour.com\/es\/wp-json\/wp\/v2\/media?parent=4388"}],"wp:term":[{"taxonomy":"product_brand","embeddable":true,"href":"https:\/\/egyfuntour.com\/es\/wp-json\/wp\/v2\/product_brand?post=4388"},{"taxonomy":"product_cat","embeddable":true,"href":"https:\/\/egyfuntour.com\/es\/wp-json\/wp\/v2\/product_cat?post=4388"},{"taxonomy":"product_tag","embeddable":true,"href":"https:\/\/egyfuntour.com\/es\/wp-json\/wp\/v2\/product_tag?post=4388"}],"curies":[{"name":"wp","href":"https:\/\/api.w.org\/{rel}","templated":true}]}}