{"id":9585,"date":"2025-05-27T23:25:46","date_gmt":"2025-05-27T23:25:46","guid":{"rendered":"https:\/\/egyfuntour.com\/?post_type=product&#038;p=9585"},"modified":"2025-05-29T15:02:04","modified_gmt":"2025-05-29T15:02:04","slug":"8-days-egypt-itinerary-cairo-luxor-and-aswan-by-land","status":"publish","type":"product","link":"https:\/\/egyfuntour.com\/es\/producto\/8-days-egypt-itinerary-cairo-luxor-and-aswan-by-land\/","title":{"rendered":"Itinerario de 8 d\u00edas por Egipto: El Cairo, Luxor y Asu\u00e1n por tierra"},"content":{"rendered":"<h2><b>Descripci\u00f3n general<\/b><b>:<\/b><\/h2>\n<p>Acomp\u00e1\u00f1enos en un incre\u00edble viaje de 8 d\u00edas por el antiguo Egipto, donde explorar\u00e1 el rico patrimonio cultural del pa\u00eds en El Cairo, Luxor y Asu\u00e1n. El viaje comienza en El Cairo, donde visitar\u00e1 las famosas pir\u00e1mides de Giza y el Museo Egipcio para admirar incre\u00edbles tesoros antiguos.<\/p>\n<p>Despu\u00e9s, nos dirigiremos a Luxor, que es como un museo al aire libre. Ver\u00e1s el Valle de los Reyes, donde los faraones fueron enterrados en majestuosas tumbas. Tambi\u00e9n visitar\u00e1s el Templo de la Reina Hatshepsut y los Templos de Karnak y Luxor, ejemplos impresionantes de la arquitectura del antiguo Egipto. El viaje termina en Asu\u00e1n, donde ver\u00e1s la Presa Alta, el Obelisco Inacabado y el Templo de Philae. Todos ellos son testimonio de la importancia hist\u00f3rica de Asu\u00e1n.<\/p>\n<p>&nbsp;<\/p>\n<div id=\"elementor-tab-title-1951\" class=\"elementor-tab-title elementor-active\" tabindex=\"0\" role=\"tab\" data-tab=\"1\" aria-controls=\"elementor-tab-content-1951\" aria-expanded=\"true\" aria-selected=\"true\">\n<h3 class=\"ova-toggle-title\"><strong>informaci\u00f3n adicional<\/strong><\/h3>\n<\/div>\n<div id=\"elementor-tab-content-1951\" class=\"elementor-tab-content elementor-clearfix elementor-active\" role=\"tabpanel\" data-tab=\"1\" aria-labelledby=\"elementor-tab-title-1951\">\n<ul>\n<li>Recibir\u00e1 la confirmaci\u00f3n final por correo electr\u00f3nico una vez realizada su reserva. Est\u00e9 atento a su bandeja de entrada para recibir los detalles de la confirmaci\u00f3n.<\/li>\n<li>No se debitar\u00e1 ning\u00fan pago de su cuenta hasta que reciba el correo electr\u00f3nico de confirmaci\u00f3n. Valoramos su satisfacci\u00f3n y solo procederemos a cargar su cuenta una vez que la confirmaci\u00f3n se haya enviado correctamente.<\/li>\n<li>Tenga en cuenta que solo se debitar\u00e1 en l\u00ednea el 30% del importe total como dep\u00f3sito. El saldo restante se pagar\u00e1 en efectivo a su llegada a Egipto, ya sea en d\u00f3lares o euros.<\/li>\n<li>The duration of each daily tour is approximately 8 hours, while the half-day tour typically lasts around 4 hours. Please be advised that if the tour exceeds these time ranges, additional charges may apply.<\/li>\n<li>Tras recibir el correo electr\u00f3nico de confirmaci\u00f3n, uno de nuestros representantes se pondr\u00e1 en contacto con usted lo antes posible para confirmar el punto y la hora de salida. Entendemos la importancia de contar con informaci\u00f3n precisa y garantizar una experiencia sin contratiempos.<\/li>\n<li>Las propinas no est\u00e1n incluidas en ninguno de nuestros paquetes y quedan a discreci\u00f3n del viajero. Si bien no son obligatorias, son de suma importancia para quienes lo atender\u00e1n durante el viaje.<\/li>\n<li>Para tours privados, podr\u00edan aplicarse cargos. Para m\u00e1s informaci\u00f3n, cont\u00e1ctenos. Con gusto le brindaremos toda la informaci\u00f3n necesaria y le ayudaremos a personalizar su tour privado seg\u00fan sus preferencias.<\/li>\n<li>Para cualquier otra ayuda o consulta antes o despu\u00e9s de la reserva, no dude en ponerse en contacto con nosotros a trav\u00e9s de\u00a0<a href=\"https:\/\/wa.me\/+201032575555\" target=\"_blank\" rel=\"noopener\">WhatsApp<\/a>\u00a0o\u00a0<a href=\"mailto:info@egyfuntour.com\">correo electr\u00f3nico<\/a>.<\/li>\n<\/ul>\n<\/div>","protected":false},"excerpt":{"rendered":"<p>Overview: Join us on an amazing 8-day journey through ancient Egypt, where you\u2019ll explore the country\u2019s rich cultural heritage in Cairo, Luxor, and Aswan. The trip starts in Cairo, where you\u2019ll visit the famous pyramids of Giza and the Egyptian Museum to see amazing ancient treasures. Then, we\u2019ll head to Luxor, which is like an [&hellip;]<\/p>","protected":false},"featured_media":9586,"comment_status":"open","ping_status":"closed","template":"","meta":[],"product_brand":[],"product_cat":[59],"product_tag":[41,45],"class_list":{"0":"post-9585","1":"product","2":"type-product","3":"status-publish","4":"has-post-thumbnail","6":"product_cat-7-nights","7":"product_tag-shoe","8":"product_tag-sports","10":"first","11":"instock","12":"shipping-taxable","13":"purchasable","14":"product-type-ovabrw_car_rental"},"_links":{"self":[{"href":"https:\/\/egyfuntour.com\/es\/wp-json\/wp\/v2\/product\/9585","targetHints":{"allow":["GET"]}}],"collection":[{"href":"https:\/\/egyfuntour.com\/es\/wp-json\/wp\/v2\/product"}],"about":[{"href":"https:\/\/egyfuntour.com\/es\/wp-json\/wp\/v2\/types\/product"}],"replies":[{"embeddable":true,"href":"https:\/\/egyfuntour.com\/es\/wp-json\/wp\/v2\/comments?post=9585"}],"wp:featuredmedia":[{"embeddable":true,"href":"https:\/\/egyfuntour.com\/es\/wp-json\/wp\/v2\/media\/9586"}],"wp:attachment":[{"href":"https:\/\/egyfuntour.com\/es\/wp-json\/wp\/v2\/media?parent=9585"}],"wp:term":[{"taxonomy":"product_brand","embeddable":true,"href":"https:\/\/egyfuntour.com\/es\/wp-json\/wp\/v2\/product_brand?post=9585"},{"taxonomy":"product_cat","embeddable":true,"href":"https:\/\/egyfuntour.com\/es\/wp-json\/wp\/v2\/product_cat?post=9585"},{"taxonomy":"product_tag","embeddable":true,"href":"https:\/\/egyfuntour.com\/es\/wp-json\/wp\/v2\/product_tag?post=9585"}],"curies":[{"name":"wp","href":"https:\/\/api.w.org\/{rel}","templated":true}]}}