{"id":9629,"date":"2025-05-27T23:59:01","date_gmt":"2025-05-27T23:59:01","guid":{"rendered":"https:\/\/egyfuntour.com\/?post_type=product&#038;p=9629"},"modified":"2025-09-23T05:50:26","modified_gmt":"2025-09-23T05:50:26","slug":"sharm-el-sheikh-transfers-to-st-catherine","status":"publish","type":"product","link":"https:\/\/egyfuntour.com\/es\/producto\/sharm-el-sheikh-transfers-to-st-catherine\/","title":{"rendered":"Traslados de Sharm El Sheikh a Santa Catalina"},"content":{"rendered":"<h2><b>Descripci\u00f3n general<\/b><b>:<\/b><\/h2>\n<p>Marca Tours ofrece un veh\u00edculo privado para un viaje c\u00f3modo y sin problemas para trasladarlo a Santa Catalina desde Sharm El Sheikh y regresar.<\/p>\n<div id=\"elementor-tab-title-1951\" class=\"elementor-tab-title elementor-active\" tabindex=\"0\" role=\"tab\" data-tab=\"1\" aria-controls=\"elementor-tab-content-1951\" aria-expanded=\"true\" aria-selected=\"true\">\n<h3 class=\"ova-toggle-title\"><strong>informaci\u00f3n adicional<\/strong><\/h3>\n<\/div>\n<div id=\"elementor-tab-content-1951\" class=\"elementor-tab-content elementor-clearfix elementor-active\" role=\"tabpanel\" data-tab=\"1\" aria-labelledby=\"elementor-tab-title-1951\">\n<ul>\n<li>Recibir\u00e1 la confirmaci\u00f3n final por correo electr\u00f3nico una vez realizada su reserva. Est\u00e9 atento a su bandeja de entrada para recibir los detalles de la confirmaci\u00f3n.<\/li>\n<li>No se debitar\u00e1 ning\u00fan pago de su cuenta hasta que reciba el correo electr\u00f3nico de confirmaci\u00f3n. Valoramos su satisfacci\u00f3n y solo procederemos a cargar su cuenta una vez que la confirmaci\u00f3n se haya enviado correctamente.<\/li>\n<li>Tenga en cuenta que solo se debitar\u00e1 en l\u00ednea el 30% del importe total como dep\u00f3sito. El saldo restante se pagar\u00e1 en efectivo a su llegada a Egipto, ya sea en d\u00f3lares o euros.<\/li>\n<li>The duration of each daily tour is approximately 8 hours, while the half-day tour typically lasts around 4 hours. Please be advised that if the tour exceeds these time ranges, additional charges may apply.<\/li>\n<li>Tras recibir el correo electr\u00f3nico de confirmaci\u00f3n, uno de nuestros representantes se pondr\u00e1 en contacto con usted lo antes posible para confirmar el punto y la hora de salida. Entendemos la importancia de contar con informaci\u00f3n precisa y garantizar una experiencia sin contratiempos.<\/li>\n<li>Las propinas no est\u00e1n incluidas en ninguno de nuestros paquetes y quedan a discreci\u00f3n del viajero. Si bien no son obligatorias, son de suma importancia para quienes lo atender\u00e1n durante el viaje.<\/li>\n<li>Para tours privados, podr\u00edan aplicarse cargos. Para m\u00e1s informaci\u00f3n, cont\u00e1ctenos. Con gusto le brindaremos toda la informaci\u00f3n necesaria y le ayudaremos a personalizar su tour privado seg\u00fan sus preferencias.<\/li>\n<li>Para cualquier otra ayuda o consulta antes o despu\u00e9s de la reserva, no dude en ponerse en contacto con nosotros a trav\u00e9s de\u00a0<a href=\"https:\/\/wa.me\/+201032575555\" target=\"_blank\" rel=\"noopener\">WhatsApp<\/a>\u00a0o\u00a0<a href=\"mailto:info@egyfuntour.com\">correo electr\u00f3nico<\/a>.<\/li>\n<\/ul>\n<\/div>","protected":false},"excerpt":{"rendered":"<p>Overview: Marca Tours provides a private vehicle for a comfortable and seamless ride to transfer you to St. Catherine from Sharm El Sheikh and return. Additional Information You will receive the final confirmation via email, once you have submitted your booking. Kindly keep an eye on your inbox for the confirmation details. No payment will [&hellip;]<\/p>","protected":false},"featured_media":9630,"comment_status":"open","ping_status":"closed","template":"","meta":[],"product_brand":[],"product_cat":[42],"product_tag":[],"class_list":{"0":"post-9629","1":"product","2":"type-product","3":"status-publish","4":"has-post-thumbnail","6":"product_cat-transfers","8":"first","9":"instock","10":"shipping-taxable","11":"purchasable","12":"product-type-ovabrw_car_rental"},"_links":{"self":[{"href":"https:\/\/egyfuntour.com\/es\/wp-json\/wp\/v2\/product\/9629","targetHints":{"allow":["GET"]}}],"collection":[{"href":"https:\/\/egyfuntour.com\/es\/wp-json\/wp\/v2\/product"}],"about":[{"href":"https:\/\/egyfuntour.com\/es\/wp-json\/wp\/v2\/types\/product"}],"replies":[{"embeddable":true,"href":"https:\/\/egyfuntour.com\/es\/wp-json\/wp\/v2\/comments?post=9629"}],"wp:featuredmedia":[{"embeddable":true,"href":"https:\/\/egyfuntour.com\/es\/wp-json\/wp\/v2\/media\/9630"}],"wp:attachment":[{"href":"https:\/\/egyfuntour.com\/es\/wp-json\/wp\/v2\/media?parent=9629"}],"wp:term":[{"taxonomy":"product_brand","embeddable":true,"href":"https:\/\/egyfuntour.com\/es\/wp-json\/wp\/v2\/product_brand?post=9629"},{"taxonomy":"product_cat","embeddable":true,"href":"https:\/\/egyfuntour.com\/es\/wp-json\/wp\/v2\/product_cat?post=9629"},{"taxonomy":"product_tag","embeddable":true,"href":"https:\/\/egyfuntour.com\/es\/wp-json\/wp\/v2\/product_tag?post=9629"}],"curies":[{"name":"wp","href":"https:\/\/api.w.org\/{rel}","templated":true}]}}