{"id":3378,"date":"2022-07-13T10:23:06","date_gmt":"2022-07-13T10:23:06","guid":{"rendered":"https:\/\/egyfuntour.com\/?post_type=product&#038;p=3378"},"modified":"2025-05-29T15:23:11","modified_gmt":"2025-05-29T15:23:11","slug":"tour-to-giza-pyramids-egyptian-museum-and-khan-el-khalili-bazaar","status":"publish","type":"product","link":"https:\/\/egyfuntour.com\/it\/prodotto\/tour-to-giza-pyramids-egyptian-museum-and-khan-el-khalili-bazaar\/","title":{"rendered":"Tour alle piramidi di Giza, al Museo Egizio e al bazar di Khan El Khalili"},"content":{"rendered":"<h2>Panoramica<\/h2>\n<p>Preparatevi per un viaggio incredibile dal Cairo alla scoperta dei luoghi pi\u00f9 affascinanti e importanti di questa citt\u00e0. Questa escursione di un giorno vi permetter\u00e0 di ammirare incredibili meraviglie antiche e di immergervi nella vivace cultura e nei vivaci mercati della citt\u00e0. Rimarrete a bocca aperta ammirando la pi\u00f9 grande e impressionante meraviglia archeologica mai costruita, esplorando un fantastico museo e immergendovi nella vivace atmosfera di un mercato tradizionale. Esplorate il Complesso delle Piramidi di Giza, il Museo Egizio, fate shopping al Bazar di Khan El Khalili e tornate in hotel con noi!<\/p>\n<div id=\"elementor-tab-title-1951\" class=\"elementor-tab-title elementor-active\" tabindex=\"0\" role=\"tab\" data-tab=\"1\" aria-controls=\"elementor-tab-content-1951\" aria-expanded=\"true\" aria-selected=\"true\">\n<h3 class=\"ova-toggle-title\"><strong>Informazioni aggiuntive<\/strong><\/h3>\n<\/div>\n<div id=\"elementor-tab-content-1951\" class=\"elementor-tab-content elementor-clearfix elementor-active\" role=\"tabpanel\" data-tab=\"1\" aria-labelledby=\"elementor-tab-title-1951\">\n<ul>\n<li>Riceverai la conferma definitiva via email una volta effettuata la prenotazione. Tieni d'occhio la tua casella di posta per i dettagli della conferma.<\/li>\n<li>Nessun pagamento verr\u00e0 addebitato sul tuo conto fino a quando non avrai ricevuto l'email di conferma. Apprezziamo la tua soddisfazione e procederemo all'addebito sul tuo conto solo dopo l'invio della conferma.<\/li>\n<li>Si prega di notare che solo il 30% dell'importo totale verr\u00e0 addebitato online come deposito. Il saldo verr\u00e0 pagato in contanti al vostro arrivo in Egitto, in dollari o euro.<\/li>\n<li>La durata di ogni tour giornaliero \u00e8 di circa 8 ore, mentre il tour di mezza giornata dura in genere circa 4 ore. Si prega di notare che se il tour supera questi intervalli di tempo, potrebbero essere applicati costi aggiuntivi.<\/li>\n<li>Dopo aver ricevuto l'email di conferma, un nostro rappresentante ti contatter\u00e0 al pi\u00f9 presto per confermare il punto e l'orario di partenza. Comprendiamo l'importanza di fornire informazioni accurate e di garantirti un'esperienza senza intoppi.<\/li>\n<li>Le mance non sono incluse in nessuno dei nostri pacchetti e sono a discrezione dei viaggiatori. Sebbene non siano obbligatorie, sono di grande importanza per le persone che si prenderanno cura di voi durante il viaggio.<\/li>\n<li>Per i tour privati, potrebbero essere applicati dei costi aggiuntivi. Per maggiori informazioni, contattateci. Saremo lieti di fornirvi tutti i dettagli necessari e di aiutarvi a personalizzare il vostro tour privato in base alle vostre preferenze.<\/li>\n<li>Per qualsiasi altra assistenza o richiesta prima e dopo la prenotazione non esitate a contattarci tramite\u00a0<a href=\"https:\/\/wa.me\/+201032575555\" target=\"_blank\" rel=\"noopener\">WhatsApp<\/a>\u00a0O\u00a0<a href=\"mailto:info@egyfuntour.com\">e-mail<\/a>.<\/li>\n<\/ul>\n<\/div>","protected":false},"excerpt":{"rendered":"<p>Overview Get ready for an amazing journey from Cairo to discover fascinating and important places in this city. This day trip lets you see incredible ancient wonders and experience the city\u2019s lively culture and busy markets. You\u2019ll be amazed as you witness the biggest and most impressive archaeological marvel ever constructed, explore a fantastic museum, [&hellip;]<\/p>","protected":false},"featured_media":9492,"comment_status":"open","ping_status":"closed","template":"","meta":[],"product_brand":[],"product_cat":[32],"product_tag":[],"class_list":{"0":"post-3378","1":"product","2":"type-product","3":"status-publish","4":"has-post-thumbnail","6":"brw_tour_types-beaches","7":"brw_tour_types-hiking","8":"product_cat-full-day","10":"first","11":"instock","12":"shipping-taxable","13":"purchasable","14":"product-type-ovabrw_car_rental"},"_links":{"self":[{"href":"https:\/\/egyfuntour.com\/it\/wp-json\/wp\/v2\/product\/3378","targetHints":{"allow":["GET"]}}],"collection":[{"href":"https:\/\/egyfuntour.com\/it\/wp-json\/wp\/v2\/product"}],"about":[{"href":"https:\/\/egyfuntour.com\/it\/wp-json\/wp\/v2\/types\/product"}],"replies":[{"embeddable":true,"href":"https:\/\/egyfuntour.com\/it\/wp-json\/wp\/v2\/comments?post=3378"}],"wp:featuredmedia":[{"embeddable":true,"href":"https:\/\/egyfuntour.com\/it\/wp-json\/wp\/v2\/media\/9492"}],"wp:attachment":[{"href":"https:\/\/egyfuntour.com\/it\/wp-json\/wp\/v2\/media?parent=3378"}],"wp:term":[{"taxonomy":"product_brand","embeddable":true,"href":"https:\/\/egyfuntour.com\/it\/wp-json\/wp\/v2\/product_brand?post=3378"},{"taxonomy":"product_cat","embeddable":true,"href":"https:\/\/egyfuntour.com\/it\/wp-json\/wp\/v2\/product_cat?post=3378"},{"taxonomy":"product_tag","embeddable":true,"href":"https:\/\/egyfuntour.com\/it\/wp-json\/wp\/v2\/product_tag?post=3378"}],"curies":[{"name":"wp","href":"https:\/\/api.w.org\/{rel}","templated":true}]}}