{"id":4376,"date":"2022-08-09T02:27:05","date_gmt":"2022-08-09T02:27:05","guid":{"rendered":"https:\/\/egyfuntour.com\/?post_type=product&#038;p=4376"},"modified":"2025-05-29T15:19:22","modified_gmt":"2025-05-29T15:19:22","slug":"cairo-by-night-tour-el-moez-street-el-fishawy-cafe-and-city-of-the-dead","status":"publish","type":"product","link":"https:\/\/egyfuntour.com\/it\/prodotto\/cairo-by-night-tour-el-moez-street-el-fishawy-cafe-and-city-of-the-dead\/","title":{"rendered":"Tour del Cairo di notte, via El-Moez, caff\u00e8 El-Fishawy e Citt\u00e0 dei morti."},"content":{"rendered":"<h2>Panoramica<\/h2>\n<p>Scopri l'entusiasmante tour notturno del Cairo, che ti condurr\u00e0 in un viaggio incantevole attraverso la vibrante capitale egiziana dopo il tramonto. Passeggia lungo la storica via El-Moez, impreziosita da un'imponente architettura islamica che ti riporter\u00e0 all'Et\u00e0 dell'Oro. Immergiti nella vivace atmosfera del Caf\u00e9 El-Fishawy, il pi\u00f9 antico caff\u00e8 del Cairo, che serve bevande aromatiche e deliziose specialit\u00e0 locali. Il tour termina nella Citt\u00e0 dei Morti, dove vivrai un'atmosfera eterea tra antiche tombe e mausolei. Parti per questa indimenticabile avventura, immergendoti nell'affascinante vita notturna e nel ricco patrimonio culturale del Cairo.<\/p>\n<div id=\"elementor-tab-title-1951\" class=\"elementor-tab-title elementor-active\" tabindex=\"0\" role=\"tab\" data-tab=\"1\" aria-controls=\"elementor-tab-content-1951\" aria-expanded=\"true\" aria-selected=\"true\">\n<h3 class=\"ova-toggle-title\"><strong>Informazioni aggiuntive<\/strong><\/h3>\n<\/div>\n<div id=\"elementor-tab-content-1951\" class=\"elementor-tab-content elementor-clearfix elementor-active\" role=\"tabpanel\" data-tab=\"1\" aria-labelledby=\"elementor-tab-title-1951\">\n<ul>\n<li>Riceverai la conferma definitiva via email una volta effettuata la prenotazione. Tieni d'occhio la tua casella di posta per i dettagli della conferma.<\/li>\n<li>Nessun pagamento verr\u00e0 addebitato sul tuo conto fino a quando non avrai ricevuto l'email di conferma. Apprezziamo la tua soddisfazione e procederemo all'addebito sul tuo conto solo dopo l'invio della conferma.<\/li>\n<li>Si prega di notare che solo il 30% dell'importo totale verr\u00e0 addebitato online come deposito. Il saldo verr\u00e0 pagato in contanti al vostro arrivo in Egitto, in dollari o euro.<\/li>\n<li>La durata di ogni tour giornaliero \u00e8 di circa 8 ore, mentre il tour di mezza giornata dura in genere circa 4 ore. Si prega di notare che se il tour supera questi intervalli di tempo, potrebbero essere applicati costi aggiuntivi.<\/li>\n<li>Dopo aver ricevuto l'email di conferma, un nostro rappresentante ti contatter\u00e0 al pi\u00f9 presto per confermare il punto e l'orario di partenza. Comprendiamo l'importanza di fornire informazioni accurate e di garantirti un'esperienza senza intoppi.<\/li>\n<li>Le mance non sono incluse in nessuno dei nostri pacchetti e sono a discrezione dei viaggiatori. Sebbene non siano obbligatorie, sono di grande importanza per le persone che si prenderanno cura di voi durante il viaggio.<\/li>\n<li>Per i tour privati, potrebbero essere applicati dei costi aggiuntivi. Per maggiori informazioni, contattateci. Saremo lieti di fornirvi tutti i dettagli necessari e di aiutarvi a personalizzare il vostro tour privato in base alle vostre preferenze.<\/li>\n<li>Per qualsiasi altra assistenza o richiesta prima e dopo la prenotazione non esitate a contattarci tramite\u00a0<a href=\"https:\/\/wa.me\/+201032575555\" target=\"_blank\" rel=\"noopener\">WhatsApp<\/a>\u00a0O\u00a0<a href=\"mailto:info@egyfuntour.com\">e-mail<\/a>.<\/li>\n<\/ul>\n<\/div>","protected":false},"excerpt":{"rendered":"<p>Overview Discover Cairo\u2019s exciting night tour, which takes you on an enchanting journey through the vibrant Egyptian capital after sunset. Stroll down historic El-Moez Street, adorned with impressive Islamic architecture that takes you back to the Golden Age. Experience the lively atmosphere of Caf\u00e9 El-Fishawy, Cairo\u2019s oldest caf\u00e9, serving aromatic drinks and delicious local specialties. [&hellip;]<\/p>","protected":false},"featured_media":9448,"comment_status":"open","ping_status":"closed","template":"","meta":[],"product_brand":[],"product_cat":[28],"product_tag":[],"class_list":{"0":"post-4376","1":"product","2":"type-product","3":"status-publish","4":"has-post-thumbnail","6":"brw_tour_types-culture","7":"brw_tour_types-family","8":"product_cat-half-day","10":"first","11":"instock","12":"shipping-taxable","13":"purchasable","14":"product-type-ovabrw_car_rental"},"_links":{"self":[{"href":"https:\/\/egyfuntour.com\/it\/wp-json\/wp\/v2\/product\/4376","targetHints":{"allow":["GET"]}}],"collection":[{"href":"https:\/\/egyfuntour.com\/it\/wp-json\/wp\/v2\/product"}],"about":[{"href":"https:\/\/egyfuntour.com\/it\/wp-json\/wp\/v2\/types\/product"}],"replies":[{"embeddable":true,"href":"https:\/\/egyfuntour.com\/it\/wp-json\/wp\/v2\/comments?post=4376"}],"wp:featuredmedia":[{"embeddable":true,"href":"https:\/\/egyfuntour.com\/it\/wp-json\/wp\/v2\/media\/9448"}],"wp:attachment":[{"href":"https:\/\/egyfuntour.com\/it\/wp-json\/wp\/v2\/media?parent=4376"}],"wp:term":[{"taxonomy":"product_brand","embeddable":true,"href":"https:\/\/egyfuntour.com\/it\/wp-json\/wp\/v2\/product_brand?post=4376"},{"taxonomy":"product_cat","embeddable":true,"href":"https:\/\/egyfuntour.com\/it\/wp-json\/wp\/v2\/product_cat?post=4376"},{"taxonomy":"product_tag","embeddable":true,"href":"https:\/\/egyfuntour.com\/it\/wp-json\/wp\/v2\/product_tag?post=4376"}],"curies":[{"name":"wp","href":"https:\/\/api.w.org\/{rel}","templated":true}]}}